{"id":96,"date":"2012-03-12T17:13:00","date_gmt":"2012-03-12T17:13:00","guid":{"rendered":"http:\/\/www.darrelmann-ingenieure.de\/?page_id=96"},"modified":"2023-02-05T07:53:02","modified_gmt":"2023-02-05T07:53:02","slug":"projekte","status":"publish","type":"page","link":"https:\/\/www.darrelmann-ingenieure.de\/?page_id=96","title":{"rendered":"Projekte \/ Projects"},"content":{"rendered":"<p><!--:de--><\/p>\n<p><span style=\"color: #ed1d27;\"><strong><span style=\"font-size: large;\">Auswahl ausgef\u00fchrter Projekte der vergangenen Jahre<\/span><\/strong><\/span><\/p>\n<p><strong><\/strong>Zur Wahrung von Vertraulichkeit und Neutralit\u00e4t werden bei den Projektbeispielen keine Auftraggeber oder Projektdetails genannt.<\/p>\n<p>&nbsp;<\/p>\n<p><span style=\"color: #ed1d27; font-size: large;\"><strong>Konzeptentwicklung<\/strong><\/span><\/p>\n<p>&nbsp;<\/p>\n<p><strong>Erstellung einer Ausschreibung f\u00fcr ein Mittelspannungs- USV- System<\/strong><\/p>\n<ul>\n<li><span style=\"color: #364f6d;\">Im Auftrag eines Betreibers aus dem Bereich industrielle Fertigung.<\/span><\/li>\n<\/ul>\n<p>&nbsp;<\/p>\n<p><strong>Kurzschlussstromberechnung und Schalterauslegung in USV- Netzen<\/strong><\/p>\n<ul>\n<li><span style=\"color: #364f6d;\">Im Auftrag von USV-Herstellern, Planern und Betreibern sicherer Stromversorgungsnetze erfolgte jeweils die Berechnung der Kurzschlussbelastung der Netze und Auswahl geeigneter Leistungsschalter oder Sicherungen. Zur Einhaltung der geforderten Selektivit\u00e4t werden Einstellwerte f\u00fcr Strom und Zeit bestimmt. Besonders ber\u00fccksichtigt werden bei der Berechnung die kurzschlusstechnisch unterschiedlichen Stromquellen in USV-Netzen, sowie Halbleiter in Transferschaltern.<\/span><\/li>\n<\/ul>\n<p>&nbsp;<\/p>\n<p><strong>Zuverl\u00e4ssigkeitsanalysen von USV- Systemen<\/strong><\/p>\n<ul>\n<li><span style=\"color: #364f6d;\">F\u00fcr USV-Hersteller wurden Auftr\u00e4ge zum Thema Zuverl\u00e4ssigkeit ausgef\u00fchrt. In einem Anwendungsbereich geht es um die Berechnung der Ausfallrate von Ger\u00e4ten, bestehend aus einer Vielzahl verschiedener Komponenten, die in unterschiedlichen Umgebungen eingesetzt werden. In anderen F\u00e4llen war es das Ziel, verschiedene Systemkonfigurationen mit den selben USV-Ger\u00e4ten miteinander zu vergleichen.<\/span><\/li>\n<\/ul>\n<p>&nbsp;<\/p>\n<p><strong>Zuverl\u00e4ssigkeitsanalysen in der Geothermie<\/strong><\/p>\n<ul>\n<li><span style=\"color: #364f6d;\">In einem gr\u00f6\u00dferen gef\u00f6rderten Verbundprojekt mit Hochschulen und einem Industriebetrieb aus Niedersachsen, sowie dem Energieforschungszentrum Niedersachsen (EFZN) geht es um die Reduzierung der Bohrkosten bei Geothermieanwendungen. Ein Teilprojekt ist die begleitende Analyse der Zuverl\u00e4ssigkeit von Komponenten und Prozessen des Bohrbetriebs. Es werden klassische und neuartige Bohrverfahren betrachtet.<\/span><\/li>\n<\/ul>\n<p>&nbsp;<\/p>\n<p><strong>Projektarbeit zum Parallelbetrieb von USV-Ger\u00e4ten<\/strong><\/p>\n<ul>\n<li><span style=\"color: #364f6d;\">Entwurf und Test einer Stromrichterschaltung in Zusammenarbeit mit einer Technischen Universit\u00e4t<\/span><\/li>\n<\/ul>\n<p>&nbsp;<\/p>\n<p><strong>Auslegung von USV- Komponenten und -Systemen<\/strong><\/p>\n<ul>\n<li><span style=\"color: #364f6d;\">F\u00fcr einen Betreiber aus der Fertigungsindustrie<\/span><\/li>\n<\/ul>\n<p>&nbsp;<\/p>\n<p><strong>Auslegung einer Netzersatzanlage<\/strong><\/p>\n<ul>\n<li><span style=\"color: #364f6d;\">Im Auftrag eines USV-Herstellers<\/span><\/li>\n<\/ul>\n<p>&nbsp;<\/p>\n<p><strong>Analyse einer USV- Installation und Expertise f\u00fcr eine Erneuerung<\/strong><\/p>\n<ul>\n<li><span style=\"color: #364f6d;\">In der Anlage eines Betreibers aus der Datenverarbeitung<\/span><\/li>\n<\/ul>\n<p>&nbsp;<\/p>\n<p>&nbsp;<\/p>\n<p><span style=\"color: #ed1d27; font-size: large;\"><strong>St\u00f6rungsanalyse und Abnahmen<\/strong><\/span><\/p>\n<p>&nbsp;<\/p>\n<p><strong>St\u00f6rungsanalyse an USV- Ger\u00e4ten<\/strong><\/p>\n<ul>\n<li><span style=\"color: #364f6d;\">Im Auftrag eines USV-Herstellers<\/span><\/li>\n<\/ul>\n<p>&nbsp;<\/p>\n<p><strong>St\u00f6rungsanalyse im USV- Parallelverband<\/strong><\/p>\n<ul>\n<li><span style=\"color: #364f6d;\">Im Auftrag eines Betreibers einer Datenverarbeitungsanlage<\/span><\/li>\n<\/ul>\n<p>&nbsp;<\/p>\n<p><strong>St\u00f6rungsanalyse in Speise- und Verteilnetzen<\/strong><\/p>\n<ul>\n<li><span style=\"color: #364f6d;\">Im Auftrag eines Betreibers einer Datenverarbeitungsanlage in Kooperation mit einem Ingenieurb\u00fcro f\u00fcr Messtechnik<\/span><\/li>\n<\/ul>\n<p>&nbsp;<\/p>\n<p><strong>Abnahme eines Speichersystems<\/strong><\/p>\n<ul>\n<li><span style=\"color: #364f6d;\">Im Auftrag eines USV-Herstellers<\/span><\/li>\n<\/ul>\n<p>&nbsp;<\/p>\n<p><strong>Abnahme von Komponenten eines Mittelspannungs-USV-Systems<\/strong><\/p>\n<ul>\n<li><span style=\"color: #364f6d;\">Im Auftrag eines Betreibers aus dem Bereich der Datenverarbeitung<\/span><\/li>\n<\/ul>\n<p>&nbsp;<\/p>\n<p>&nbsp;<\/p>\n<p><span style=\"color: #ed1d27; font-size: large;\"><strong>Seminart\u00e4tigkeit und Dokumentation<\/strong><\/span><\/p>\n<p>&nbsp;<\/p>\n<p><strong>Seminare USV und sichere Stromversorgung<\/strong><\/p>\n<p><strong>Lehrauftrag TU-Clausthal: Vorlesung Autonome Netze<\/strong><\/p>\n<p><strong>Unterst\u00fctzung bei der Erstellung von Vortr\u00e4gen und Papers<\/strong><\/p>\n<ul>\n<li><span style=\"color: #364f6d;\">Im Auftrag verschiedener USV-Hersteller<\/span><\/li>\n<\/ul>\n<p>&nbsp;<\/p>\n<p><strong>Fach\u00fcbersetzungen englisch\u2194deutsch<\/strong><\/p>\n<ul>\n<li><span style=\"color: #364f6d;\">Im Auftrag von USV-Herstellern<\/span><\/li>\n<\/ul>\n<p>&nbsp;<\/p>\n<p><strong>Studien \u00fcber Technik und Markt von Energiespeichern<\/strong><\/p>\n<ul>\n<li><span style=\"color: #364f6d;\">F\u00fcr Hersteller und Anwender in Kooperation mit einer Technischen Universit\u00e4t<\/span><\/li>\n<\/ul>\n<p>&nbsp;<\/p>\n<p><strong>Lehrgang \u00fcber Energiespeicher<\/strong><\/p>\n<p><strong>Vortrag \u00fcber die Anwendung von Energiespeichern<\/strong><\/p>\n<p><strong>Vortrag Zuverl\u00e4ssigkeit von USV-Ger\u00e4ten<\/strong><\/p>\n<ul>\n<li><span style=\"color: #364f6d;\">Im Auftrag eines USV-Herstellers<\/span><\/li>\n<\/ul>\n<p><!--:--><\/p>\n","protected":false},"excerpt":{"rendered":"<p>Auswahl ausgef\u00fchrter Projekte der vergangenen Jahre Zur Wahrung von Vertraulichkeit und Neutralit\u00e4t werden bei den Projektbeispielen keine Auftraggeber oder Projektdetails genannt. &nbsp; Konzeptentwicklung &nbsp; Erstellung einer Ausschreibung f\u00fcr ein Mittelspannungs- USV- System Im Auftrag eines Betreibers aus dem Bereich industrielle Fertigung. &nbsp; Kurzschlussstromberechnung und Schalterauslegung in USV- Netzen Im Auftrag von USV-Herstellern, Planern und Betreibern &hellip;<\/p>\n<p class=\"read-more\"> <a class=\"\" href=\"https:\/\/www.darrelmann-ingenieure.de\/?page_id=96\"> <span class=\"screen-reader-text\">Projekte \/ Projects<\/span> Weiterlesen &raquo;<\/a><\/p>\n","protected":false},"author":2,"featured_media":0,"parent":0,"menu_order":4,"comment_status":"closed","ping_status":"closed","template":"","meta":{"site-sidebar-layout":"default","site-content-layout":"default","ast-global-header-display":"","ast-main-header-display":"","ast-hfb-above-header-display":"","ast-hfb-below-header-display":"","ast-hfb-mobile-header-display":"","site-post-title":"","ast-breadcrumbs-content":"","ast-featured-img":"","footer-sml-layout":"","theme-transparent-header-meta":"","adv-header-id-meta":"","stick-header-meta":"","header-above-stick-meta":"","header-main-stick-meta":"","header-below-stick-meta":""},"_links":{"self":[{"href":"https:\/\/www.darrelmann-ingenieure.de\/index.php?rest_route=\/wp\/v2\/pages\/96"}],"collection":[{"href":"https:\/\/www.darrelmann-ingenieure.de\/index.php?rest_route=\/wp\/v2\/pages"}],"about":[{"href":"https:\/\/www.darrelmann-ingenieure.de\/index.php?rest_route=\/wp\/v2\/types\/page"}],"author":[{"embeddable":true,"href":"https:\/\/www.darrelmann-ingenieure.de\/index.php?rest_route=\/wp\/v2\/users\/2"}],"replies":[{"embeddable":true,"href":"https:\/\/www.darrelmann-ingenieure.de\/index.php?rest_route=%2Fwp%2Fv2%2Fcomments&post=96"}],"version-history":[{"count":16,"href":"https:\/\/www.darrelmann-ingenieure.de\/index.php?rest_route=\/wp\/v2\/pages\/96\/revisions"}],"predecessor-version":[{"id":369,"href":"https:\/\/www.darrelmann-ingenieure.de\/index.php?rest_route=\/wp\/v2\/pages\/96\/revisions\/369"}],"wp:attachment":[{"href":"https:\/\/www.darrelmann-ingenieure.de\/index.php?rest_route=%2Fwp%2Fv2%2Fmedia&parent=96"}],"curies":[{"name":"wp","href":"https:\/\/api.w.org\/{rel}","templated":true}]}}