{"id":65,"date":"2012-03-07T19:32:34","date_gmt":"2012-03-07T19:32:34","guid":{"rendered":"http:\/\/www.darrelmann-ingenieure.de\/?page_id=65"},"modified":"2023-02-05T10:13:03","modified_gmt":"2023-02-05T10:13:03","slug":"startseite","status":"publish","type":"page","link":"https:\/\/www.darrelmann-ingenieure.de\/","title":{"rendered":"Home"},"content":{"rendered":"<p><!--:de--><\/p>\n<p><span style=\"font-size: large;\"><strong>Herzlich Willkommen bei Darrelmann + Partner<\/strong><\/span><\/p>\n<p>Als unabh\u00e4ngige Ingenieure sind wir seit mehr als 25 Jahren mit der Technik und der Funktion sicherer Stromversorgungsanlagen vertraut. Wir unterst\u00fctzen Sie auf den verschiedenen Ebenen bei der Definition und Berechnung von Komponenten und Systemen.<\/p>\n<p>F\u00fcr die Analyse von Betriebsabl\u00e4ufen bieten wir Erfahrungen und Detailkenntnisse, um aufgetretene Fehler zu verstehen und die Wahrscheinlichkeit zuk\u00fcnftiger Fehler zu bewerten.<\/p>\n<p>So tragen wir zur effektive Risikominimierung und zuk\u00fcnftigen Ausfallsicherung bei.<\/p>\n<p>Denn\u2026<\/p>\n<p><span style=\"font-size: large; color: #ed1d27;\"><strong>Technik und Risiko braucht Vertrauen<\/strong><\/span><\/p>\n<p><strong>\u00a0<\/strong><\/p>\n<blockquote><p><strong>Wer Risiken und Folgekosten aus Netzausf\u00e4llen bei der Stromversorgung ausschlie\u00dfen will, verl\u00e4sst sich auf erfahrene und vertrauensw\u00fcrdige Systempartner.<\/strong><\/p><\/blockquote>\n<p><span style=\"font-size: large; color: #ed1d27;\"><strong>Ingenieure entwickeln L\u00f6sungen <\/strong><\/span><\/p>\n<p>F\u00fcr Darrelmann + Partner Ingenieure ist die zentrale Aufgabe die Optimierung von wirtschaftlichen und sicherheitsrelevanten Kundenanforderungen mit modernsten Entwicklungswerkzeugen.<\/p>\n<p>Wir wissen aus t\u00e4glichem Erleben, wie sich unser Umfeld und dessen Komplexit\u00e4t mit dem Zuwachs des technischen Fortschritts ver\u00e4ndert haben.<\/p>\n<p>So ist der Stromausfall eines Fernsehsenders nur \u00e4rgerlich, ein unterbrochenes Online-Gesch\u00e4ft aber m\u00f6glicherweise nicht wiederholbar und mit einem wirtschaftlichen Schaden verbunden. St\u00e4rker automatisierte Prozesse f\u00fchren bereits zu weitgehend unabsehbaren Konsequenzen f\u00fcr Kosten und Sicherheit.<\/p>\n<p>Je h\u00f6her die geforderte Zuverl\u00e4ssigkeit, umso aufw\u00e4ndiger ist die Stromversorgung zu gestalten, oft auch in redundanter Ausf\u00fchrung. Die Auswahl der Ger\u00e4te muss sorgf\u00e4ltig geplant werden, je nachdem, ob statische oder dynamische USV und m\u00f6glicherweise Dieselaggregate eingesetzt werden. Insbesondere mit der Erweiterung von bestehenden Anlagen mit fremden oder neueren Produkten erfordern vorab aussagekr\u00e4ftige Analysen zu deren Zusammenwirken.<\/p>\n<p><span style=\"font-size: large; color: #ed1d27;\"><strong><em>Planung \u2013 Analyse \u2013 Berechnung \u2013 Unterst\u00fctzung<\/em><\/strong><\/span><\/p>\n<p><!--:--><!--:en--><\/p>\n<hr \/>\n<p><strong><span style=\"font-size: large;\">Welcome to Darrelmann + Partner<\/span><\/strong><\/p>\n<p>We are independent engineers and for more than 25 years familiar with the technology and the function of critical power supplies. We support you at different levels in the definition and calculation of components and systems.<\/p>\n<p>For the analysis of operations, we offer experience and detailed knowledge to understand errors that have occurred and to assess the likelihood of future errors.<\/p>\n<p>Thus, we contribute to effective risk reduction and future failover.<\/p>\n<p>Because &#8230;<\/p>\n<p><span style=\"color: #ed1d27;\"><strong><span style=\"font-size: large;\">Technology and risk needs trust<\/span><\/strong><\/span><\/p>\n<blockquote><p><strong>If you want to exclude the risks and costs of power outages in the electricity supply<\/strong><br \/>\n<strong> rely on experienced and trusted partners.<\/strong><\/p><\/blockquote>\n<p><strong><span style=\"font-size: large; color: #ed1d27;\">Engineers develop solutions<\/span><br \/>\n<\/strong><br \/>\nFor Darrelmann + Partner Ingenieure the central task is the optimization of economic<br \/>\nand security-related customer needs with advanced development tools.<\/p>\n<p>We know from daily experience how our environment and its complexity with the growth of technological progress have been changed.<\/p>\n<p>Thus, the current failure of a television station is just annoying, but a losing online business might not be repeatable, and connected with an economic loss. More automated processes are already leading to unpredictable consequences for cost and safety to a large extent.<\/p>\n<p>The higher the required reliability, the more complex the power supply needs to be designed, often in a redundant configuration. The selection of the equipment must be carefully planned, depending on whether static or dynamic UPS and potentially diesel generators are used. Especially with the expansion of existing facilities with different or new products require in advance meaningful analyzes for their cooperation.<\/p>\n<p><span style=\"font-size: large; color: #ed1d27;\"><strong><em>Planning &#8211; Analysis &#8211; Calculation \u2013 Assistance<\/em><\/strong><\/span><\/p>\n<p><!--:--><\/p>\n","protected":false},"excerpt":{"rendered":"<p>Herzlich Willkommen bei Darrelmann + Partner Als unabh\u00e4ngige Ingenieure sind wir seit mehr als 25 Jahren mit der Technik und der Funktion sicherer Stromversorgungsanlagen vertraut. Wir unterst\u00fctzen Sie auf den verschiedenen Ebenen bei der Definition und Berechnung von Komponenten und Systemen. F\u00fcr die Analyse von Betriebsabl\u00e4ufen bieten wir Erfahrungen und Detailkenntnisse, um aufgetretene Fehler zu &hellip;<\/p>\n<p class=\"read-more\"> <a class=\"\" href=\"https:\/\/www.darrelmann-ingenieure.de\/\"> <span class=\"screen-reader-text\">Home<\/span> Weiterlesen &raquo;<\/a><\/p>\n","protected":false},"author":1,"featured_media":0,"parent":0,"menu_order":0,"comment_status":"closed","ping_status":"closed","template":"","meta":{"site-sidebar-layout":"default","site-content-layout":"default","ast-global-header-display":"","ast-main-header-display":"","ast-hfb-above-header-display":"","ast-hfb-below-header-display":"","ast-hfb-mobile-header-display":"","site-post-title":"","ast-breadcrumbs-content":"","ast-featured-img":"","footer-sml-layout":"","theme-transparent-header-meta":"","adv-header-id-meta":"","stick-header-meta":"","header-above-stick-meta":"","header-main-stick-meta":"","header-below-stick-meta":""},"_links":{"self":[{"href":"https:\/\/www.darrelmann-ingenieure.de\/index.php?rest_route=\/wp\/v2\/pages\/65"}],"collection":[{"href":"https:\/\/www.darrelmann-ingenieure.de\/index.php?rest_route=\/wp\/v2\/pages"}],"about":[{"href":"https:\/\/www.darrelmann-ingenieure.de\/index.php?rest_route=\/wp\/v2\/types\/page"}],"author":[{"embeddable":true,"href":"https:\/\/www.darrelmann-ingenieure.de\/index.php?rest_route=\/wp\/v2\/users\/1"}],"replies":[{"embeddable":true,"href":"https:\/\/www.darrelmann-ingenieure.de\/index.php?rest_route=%2Fwp%2Fv2%2Fcomments&post=65"}],"version-history":[{"count":28,"href":"https:\/\/www.darrelmann-ingenieure.de\/index.php?rest_route=\/wp\/v2\/pages\/65\/revisions"}],"predecessor-version":[{"id":423,"href":"https:\/\/www.darrelmann-ingenieure.de\/index.php?rest_route=\/wp\/v2\/pages\/65\/revisions\/423"}],"wp:attachment":[{"href":"https:\/\/www.darrelmann-ingenieure.de\/index.php?rest_route=%2Fwp%2Fv2%2Fmedia&parent=65"}],"curies":[{"name":"wp","href":"https:\/\/api.w.org\/{rel}","templated":true}]}}