{"id":54,"date":"2012-03-07T19:22:03","date_gmt":"2012-03-07T19:22:03","guid":{"rendered":"http:\/\/www.darrelmann-ingenieure.de\/?page_id=54"},"modified":"2023-02-05T12:16:20","modified_gmt":"2023-02-05T12:16:20","slug":"kundenabnahmen","status":"publish","type":"page","link":"https:\/\/www.darrelmann-ingenieure.de\/?page_id=54","title":{"rendered":"Seminare und Dokumentation \/ Seminars and Documentation"},"content":{"rendered":"<p><!--:de--><\/p>\n<p><span style=\"color: #ed1d27; font-size: large;\"><strong>Seminart\u00e4tigkeit und Dokumentation<\/strong><\/span><\/p>\n<p>F\u00fcr Beratung und Schulung stehen wir mit Seminaren und Fachvortr\u00e4gen zu Themen rund um die sichere Stromversorgung in Ihrem Hause oder bei Ihren Kunden zur Verf\u00fcgung. Die Inhalte werden mit Ihnen f\u00fcr Ihre Ziele abgestimmt. Der Themenbereich erstreckt sich von der Ger\u00e4tetechnik \u00fcber Verteilnetze bis hin zu Redundanz, Mittelspannung, Energiespeicher, Anlagenplanung und Zuverl\u00e4ssigkeit.<\/p>\n<p>Im Bereich Pr\u00fcfplanung und Wartung fertigen wir f\u00fcr Sie die notwendigen Dokumente an. Wir erstellen ger\u00e4tespezifische technische Unterlagen und liefern technische \u00dcbersetzungen englisch\/deutsch und deutsch\/englisch mit richtiger Verwendung der Fachbegriffe. Den technischen Stand Ihrer Anlagen oder auch Fehlersachverhalte dokumentieren wir mit fundierten Expertisen.<\/p>\n<p>Zu USV- und Speichertechnik stellen wir Technik- und Marktstudien auf aktueller Basis zusammen.<\/p>\n<p><!--:--><!--:en--><\/p>\n<hr \/>\n<p><span style=\"font-size: large; color: #ed1d27;\"><strong>Seminar Activities and Documentation<\/strong><\/span><\/p>\n<p><strong>\u00a0<\/strong>For advice and training, we provide seminars and lectures on topics related to the secure power supply in your facility or at your customer\u2019s site. The content will be agreed with you to your goals. The topics range extends from the device technology via net distribution to redundancy, medium voltage, energy storage, system planning and reliability.<\/p>\n<p>In the field test planning and maintenance, we produce for you the necessary documents. We create device-specific technical documentation and provide technical translations English \/ German and German \/ English with correct use of technical terms. The technical condition of your equipment as well as failure situations is documented with in-depth expertise.<\/p>\n<p>For UPS and storage technology, we compile technology and market research on current base.<\/p>\n<p><!--:--><\/p>\n","protected":false},"excerpt":{"rendered":"<p>Seminart\u00e4tigkeit und Dokumentation F\u00fcr Beratung und Schulung stehen wir mit Seminaren und Fachvortr\u00e4gen zu Themen rund um die sichere Stromversorgung in Ihrem Hause oder bei Ihren Kunden zur Verf\u00fcgung. Die Inhalte werden mit Ihnen f\u00fcr Ihre Ziele abgestimmt. Der Themenbereich erstreckt sich von der Ger\u00e4tetechnik \u00fcber Verteilnetze bis hin zu Redundanz, Mittelspannung, Energiespeicher, Anlagenplanung und &hellip;<\/p>\n<p class=\"read-more\"> <a class=\"\" href=\"https:\/\/www.darrelmann-ingenieure.de\/?page_id=54\"> <span class=\"screen-reader-text\">Seminare und Dokumentation \/ Seminars and Documentation<\/span> Weiterlesen &raquo;<\/a><\/p>\n","protected":false},"author":1,"featured_media":0,"parent":0,"menu_order":2,"comment_status":"closed","ping_status":"closed","template":"","meta":{"site-sidebar-layout":"default","site-content-layout":"default","ast-global-header-display":"","ast-main-header-display":"","ast-hfb-above-header-display":"","ast-hfb-below-header-display":"","ast-hfb-mobile-header-display":"","site-post-title":"","ast-breadcrumbs-content":"","ast-featured-img":"","footer-sml-layout":"","theme-transparent-header-meta":"","adv-header-id-meta":"","stick-header-meta":"","header-above-stick-meta":"","header-main-stick-meta":"","header-below-stick-meta":""},"_links":{"self":[{"href":"https:\/\/www.darrelmann-ingenieure.de\/index.php?rest_route=\/wp\/v2\/pages\/54"}],"collection":[{"href":"https:\/\/www.darrelmann-ingenieure.de\/index.php?rest_route=\/wp\/v2\/pages"}],"about":[{"href":"https:\/\/www.darrelmann-ingenieure.de\/index.php?rest_route=\/wp\/v2\/types\/page"}],"author":[{"embeddable":true,"href":"https:\/\/www.darrelmann-ingenieure.de\/index.php?rest_route=\/wp\/v2\/users\/1"}],"replies":[{"embeddable":true,"href":"https:\/\/www.darrelmann-ingenieure.de\/index.php?rest_route=%2Fwp%2Fv2%2Fcomments&post=54"}],"version-history":[{"count":13,"href":"https:\/\/www.darrelmann-ingenieure.de\/index.php?rest_route=\/wp\/v2\/pages\/54\/revisions"}],"predecessor-version":[{"id":467,"href":"https:\/\/www.darrelmann-ingenieure.de\/index.php?rest_route=\/wp\/v2\/pages\/54\/revisions\/467"}],"wp:attachment":[{"href":"https:\/\/www.darrelmann-ingenieure.de\/index.php?rest_route=%2Fwp%2Fv2%2Fmedia&parent=54"}],"curies":[{"name":"wp","href":"https:\/\/api.w.org\/{rel}","templated":true}]}}