{"id":52,"date":"2012-03-07T19:20:47","date_gmt":"2012-03-07T19:20:47","guid":{"rendered":"http:\/\/www.darrelmann-ingenieure.de\/?page_id=52"},"modified":"2023-02-05T10:13:50","modified_gmt":"2023-02-05T10:13:50","slug":"analysen","status":"publish","type":"page","link":"https:\/\/www.darrelmann-ingenieure.de\/?page_id=52","title":{"rendered":"Analysen \/ Analysis"},"content":{"rendered":"<p><!--:de--><\/p>\n<p><span style=\"font-size: large; color: #ed1d27;\"><strong>St\u00f6rungsanalyse und Abnahmen<\/strong><\/span><\/p>\n<p>Sie haben eine St\u00f6rung in Ihrer vorhandenen Anlage? Wir kommen zu Ihnen, messen, analysieren und planen Ma\u00dfnahmen zur Beseitigung der Fehler. Auch komplexe St\u00f6rungen suchen und erkennen wir mit unserer Erfahrung, neuester Analysetechnik und durch eine strukturierte Vorgehensweise bei der St\u00f6rungssuche.<\/p>\n<p>Bei Kundenabnahmen pr\u00fcfen wir in Zusammenarbeit mit Ihnen die Spezifikationspunkte auf ihre Einhaltung. Wir erstellen die dazu notwendigen Pr\u00fcfprotokolle, planen und begleiten die Abnahmen im Herstellerwerk und am Aufstellungsort und fassen die Ergebnisse in einer ausf\u00fchrlichen Dokumentation zusammen.<\/p>\n<p>Als herstellerunabh\u00e4ngiges Ingenieurb\u00fcro beraten wir objektiv nach neuestem Stand der Technik. Absolute Vertraulichkeit bei Projektabwicklungen ist f\u00fcr uns selbstverst\u00e4ndlich.<\/p>\n<p><!--:--><!--:en--><\/p>\n<hr \/>\n<p><span style=\"color: #ed1d27; font-size: large;\"><strong>Fault Finding and Witness Tests<\/strong><\/span><\/p>\n<p>You have an error in your existing system? We come to you, measure, analyze, and plan action to eliminate the error. Even complex problems we find and identify with our experience, the latest analysis techniques and a structured approach to troubleshooting.<\/p>\n<p>For customer acceptance tests, we examine with you the items to their specification compliance. We create the necessary test reports, plan and accompany the tests in the factory and on site and summarize the results in a detailed documentation.<\/p>\n<p>As a manufacturer-independent engineering firm, we provide objective advice on the latest state of the art. Absolute confidentiality in project handling is self-evident for us.<\/p>\n<p><!--:--><\/p>\n","protected":false},"excerpt":{"rendered":"<p>St\u00f6rungsanalyse und Abnahmen Sie haben eine St\u00f6rung in Ihrer vorhandenen Anlage? Wir kommen zu Ihnen, messen, analysieren und planen Ma\u00dfnahmen zur Beseitigung der Fehler. Auch komplexe St\u00f6rungen suchen und erkennen wir mit unserer Erfahrung, neuester Analysetechnik und durch eine strukturierte Vorgehensweise bei der St\u00f6rungssuche. Bei Kundenabnahmen pr\u00fcfen wir in Zusammenarbeit mit Ihnen die Spezifikationspunkte auf &hellip;<\/p>\n<p class=\"read-more\"> <a class=\"\" href=\"https:\/\/www.darrelmann-ingenieure.de\/?page_id=52\"> <span class=\"screen-reader-text\">Analysen \/ Analysis<\/span> Weiterlesen &raquo;<\/a><\/p>\n","protected":false},"author":1,"featured_media":0,"parent":0,"menu_order":1,"comment_status":"closed","ping_status":"closed","template":"","meta":{"site-sidebar-layout":"default","site-content-layout":"default","ast-global-header-display":"","ast-main-header-display":"","ast-hfb-above-header-display":"","ast-hfb-below-header-display":"","ast-hfb-mobile-header-display":"","site-post-title":"","ast-breadcrumbs-content":"","ast-featured-img":"","footer-sml-layout":"","theme-transparent-header-meta":"","adv-header-id-meta":"","stick-header-meta":"","header-above-stick-meta":"","header-main-stick-meta":"","header-below-stick-meta":""},"_links":{"self":[{"href":"https:\/\/www.darrelmann-ingenieure.de\/index.php?rest_route=\/wp\/v2\/pages\/52"}],"collection":[{"href":"https:\/\/www.darrelmann-ingenieure.de\/index.php?rest_route=\/wp\/v2\/pages"}],"about":[{"href":"https:\/\/www.darrelmann-ingenieure.de\/index.php?rest_route=\/wp\/v2\/types\/page"}],"author":[{"embeddable":true,"href":"https:\/\/www.darrelmann-ingenieure.de\/index.php?rest_route=\/wp\/v2\/users\/1"}],"replies":[{"embeddable":true,"href":"https:\/\/www.darrelmann-ingenieure.de\/index.php?rest_route=%2Fwp%2Fv2%2Fcomments&post=52"}],"version-history":[{"count":9,"href":"https:\/\/www.darrelmann-ingenieure.de\/index.php?rest_route=\/wp\/v2\/pages\/52\/revisions"}],"predecessor-version":[{"id":426,"href":"https:\/\/www.darrelmann-ingenieure.de\/index.php?rest_route=\/wp\/v2\/pages\/52\/revisions\/426"}],"wp:attachment":[{"href":"https:\/\/www.darrelmann-ingenieure.de\/index.php?rest_route=%2Fwp%2Fv2%2Fmedia&parent=52"}],"curies":[{"name":"wp","href":"https:\/\/api.w.org\/{rel}","templated":true}]}}