{"id":50,"date":"2012-03-07T19:19:42","date_gmt":"2012-03-07T19:19:42","guid":{"rendered":"http:\/\/www.darrelmann-ingenieure.de\/?page_id=50"},"modified":"2023-02-05T10:13:35","modified_gmt":"2023-02-05T10:13:35","slug":"konzeptplanungen","status":"publish","type":"page","link":"https:\/\/www.darrelmann-ingenieure.de\/?page_id=50","title":{"rendered":"Konzeptplanungen \/ Planning of Concepts"},"content":{"rendered":"<p><!--:de--><\/p>\n<p><span style=\"font-size: large; color: #ed1d27;\"><strong>Darrelmann + Partner\u00a0 Ingenieure entwickeln L\u00f6sungen<\/strong><\/span><\/p>\n<p>Mit unserer langj\u00e4hrigen Erfahrung als Ingenieurpartner, unserem Know-how und unserer Marktkenntnis richten wir uns an Hersteller von USV-Anlagen und \u2013Ger\u00e4ten. Wir bieten L\u00f6sungen in Detailfragen in der Planung und Dimensionierung. Dabei ist die \u00dcbernahme kompletter Schritte im Entwicklungsprozess ebenso m\u00f6glich, wie die Einbindung in Vorprozesse oder Machbarkeitsstudien.<\/p>\n<p>Planer und Betreiber von sicheren Stromversorgungen unterst\u00fctzen wir beim Finden innovativer L\u00f6sungen, der Definition des Zusammenspiels von Komponenten wie USV und Netzersatzanlage oder bei der Kurzschlussberechnung f\u00fcr USV-Netze.<\/p>\n<p>Ein Konzeptvergleich sowohl auf Ger\u00e4teebene bei Herstellern, wie auch auf Systemebene bei Anlagenbetreibern erfordert h\u00e4ufig eine detaillierte Zuverl\u00e4ssigkeitsberechnung. Auf der Basis einer FMEA (Failure Mode and Effect Analysis), aufgrund von Quellen wie der MIL-217 und mit unseren Erfahrungswerten f\u00fchren wir Zuverl\u00e4ssigkeitsanalysen durch und bewerten die Fehlerwahrscheinlichkeit.<\/p>\n<p><!--:--><!--:en--><\/p>\n<hr \/>\n<p><span style=\"font-size: large; color: #ed1d27;\"><strong>Darrelmann + Partner\u00a0 Ingenieure <\/strong><strong>develop solutions<\/strong><\/span><\/p>\n<p>With years of experience as engineering partner, our know-how and market knowledge, we look at a manufacturer of UPS systems and devices. We provide solutions on detail in the planning and design phase. Here, the takeover of all steps in the development process is possible as well as involvement in preliminary processes or feasibility studies.<\/p>\n<p>Planners and operators of critical power supplies, we assist in finding innovative solutions, the definition of the interaction of components such as UPS and emergency power system or in the short-circuit calculation for UPS distribution systems.<\/p>\n<p>A comparison of concepts at both the device level for producers, as well as at system level for plant operators often requires a detailed reliability calculation on the basis of an FMEA (Failure Mode and Effect Analysis), based on sources such as MIL-217 and with our experience, we conduct reliability analysis and review the likelihood of an error.<\/p>\n<p><!--:--><\/p>\n","protected":false},"excerpt":{"rendered":"<p>Darrelmann + Partner\u00a0 Ingenieure entwickeln L\u00f6sungen Mit unserer langj\u00e4hrigen Erfahrung als Ingenieurpartner, unserem Know-how und unserer Marktkenntnis richten wir uns an Hersteller von USV-Anlagen und \u2013Ger\u00e4ten. Wir bieten L\u00f6sungen in Detailfragen in der Planung und Dimensionierung. Dabei ist die \u00dcbernahme kompletter Schritte im Entwicklungsprozess ebenso m\u00f6glich, wie die Einbindung in Vorprozesse oder Machbarkeitsstudien. Planer und &hellip;<\/p>\n<p class=\"read-more\"> <a class=\"\" href=\"https:\/\/www.darrelmann-ingenieure.de\/?page_id=50\"> <span class=\"screen-reader-text\">Konzeptplanungen \/ Planning of Concepts<\/span> Weiterlesen &raquo;<\/a><\/p>\n","protected":false},"author":1,"featured_media":0,"parent":0,"menu_order":0,"comment_status":"closed","ping_status":"closed","template":"","meta":{"site-sidebar-layout":"default","site-content-layout":"default","ast-global-header-display":"","ast-main-header-display":"","ast-hfb-above-header-display":"","ast-hfb-below-header-display":"","ast-hfb-mobile-header-display":"","site-post-title":"","ast-breadcrumbs-content":"","ast-featured-img":"","footer-sml-layout":"","theme-transparent-header-meta":"","adv-header-id-meta":"","stick-header-meta":"","header-above-stick-meta":"","header-main-stick-meta":"","header-below-stick-meta":""},"_links":{"self":[{"href":"https:\/\/www.darrelmann-ingenieure.de\/index.php?rest_route=\/wp\/v2\/pages\/50"}],"collection":[{"href":"https:\/\/www.darrelmann-ingenieure.de\/index.php?rest_route=\/wp\/v2\/pages"}],"about":[{"href":"https:\/\/www.darrelmann-ingenieure.de\/index.php?rest_route=\/wp\/v2\/types\/page"}],"author":[{"embeddable":true,"href":"https:\/\/www.darrelmann-ingenieure.de\/index.php?rest_route=\/wp\/v2\/users\/1"}],"replies":[{"embeddable":true,"href":"https:\/\/www.darrelmann-ingenieure.de\/index.php?rest_route=%2Fwp%2Fv2%2Fcomments&post=50"}],"version-history":[{"count":8,"href":"https:\/\/www.darrelmann-ingenieure.de\/index.php?rest_route=\/wp\/v2\/pages\/50\/revisions"}],"predecessor-version":[{"id":425,"href":"https:\/\/www.darrelmann-ingenieure.de\/index.php?rest_route=\/wp\/v2\/pages\/50\/revisions\/425"}],"wp:attachment":[{"href":"https:\/\/www.darrelmann-ingenieure.de\/index.php?rest_route=%2Fwp%2Fv2%2Fmedia&parent=50"}],"curies":[{"name":"wp","href":"https:\/\/api.w.org\/{rel}","templated":true}]}}