{"id":46,"date":"2012-03-07T19:16:38","date_gmt":"2012-03-07T19:16:38","guid":{"rendered":"http:\/\/www.darrelmann-ingenieure.de\/?page_id=46"},"modified":"2023-02-05T10:11:30","modified_gmt":"2023-02-05T10:11:30","slug":"wer-sind-wir","status":"publish","type":"page","link":"https:\/\/www.darrelmann-ingenieure.de\/?page_id=46","title":{"rendered":"Kooperationspartner \/ Cooperation partner"},"content":{"rendered":"<p><!--:de--><\/p>\n<p>Wir erhalten Unterst\u00fctzung durch ein Netzwerk mit Partnern aus Wissenschaft und Technik, um spezielle Kompetenzen zu b\u00fcndeln und um Projekte gemeinsam auszuf\u00fchren.<\/p>\n<p>Partner sind:<\/p>\n<p>&#8211; Institute Technischer Universit\u00e4ten (Clausthal-Zellerfeld, Braunschweig)<\/p>\n<p>&#8211; Ingenieurb\u00fcros (Sachverst\u00e4ndige, Netzanalyse und -messtechnik)<\/p>\n<p><!--:--><!--:en--><\/p>\n<hr \/>\n<p>We receive support from a network with partners from science and technology in order to concentrate expertise and to execute projects together.<\/p>\n<p>Partners are:<\/p>\n<p>&#8211; Institutes of Technical Universities (Clausthal-Zellerfeld, Braunschweig)<\/p>\n<p>&#8211; Consultants (authorized experts, network analysis and measurement \/ testing)<\/p>\n<p><!--:--><\/p>\n","protected":false},"excerpt":{"rendered":"<p>Wir erhalten Unterst\u00fctzung durch ein Netzwerk mit Partnern aus Wissenschaft und Technik, um spezielle Kompetenzen zu b\u00fcndeln und um Projekte gemeinsam auszuf\u00fchren. Partner sind: &#8211; Institute Technischer Universit\u00e4ten (Clausthal-Zellerfeld, Braunschweig) &#8211; Ingenieurb\u00fcros (Sachverst\u00e4ndige, Netzanalyse und -messtechnik) We receive support from a network with partners from science and technology in order to concentrate expertise and to &hellip;<\/p>\n<p class=\"read-more\"> <a class=\"\" href=\"https:\/\/www.darrelmann-ingenieure.de\/?page_id=46\"> <span class=\"screen-reader-text\">Kooperationspartner \/ Cooperation partner<\/span> Weiterlesen &raquo;<\/a><\/p>\n","protected":false},"author":1,"featured_media":0,"parent":0,"menu_order":1,"comment_status":"closed","ping_status":"closed","template":"","meta":{"site-sidebar-layout":"default","site-content-layout":"default","ast-global-header-display":"","ast-main-header-display":"","ast-hfb-above-header-display":"","ast-hfb-below-header-display":"","ast-hfb-mobile-header-display":"","site-post-title":"","ast-breadcrumbs-content":"","ast-featured-img":"","footer-sml-layout":"","theme-transparent-header-meta":"","adv-header-id-meta":"","stick-header-meta":"","header-above-stick-meta":"","header-main-stick-meta":"","header-below-stick-meta":""},"_links":{"self":[{"href":"https:\/\/www.darrelmann-ingenieure.de\/index.php?rest_route=\/wp\/v2\/pages\/46"}],"collection":[{"href":"https:\/\/www.darrelmann-ingenieure.de\/index.php?rest_route=\/wp\/v2\/pages"}],"about":[{"href":"https:\/\/www.darrelmann-ingenieure.de\/index.php?rest_route=\/wp\/v2\/types\/page"}],"author":[{"embeddable":true,"href":"https:\/\/www.darrelmann-ingenieure.de\/index.php?rest_route=\/wp\/v2\/users\/1"}],"replies":[{"embeddable":true,"href":"https:\/\/www.darrelmann-ingenieure.de\/index.php?rest_route=%2Fwp%2Fv2%2Fcomments&post=46"}],"version-history":[{"count":9,"href":"https:\/\/www.darrelmann-ingenieure.de\/index.php?rest_route=\/wp\/v2\/pages\/46\/revisions"}],"predecessor-version":[{"id":424,"href":"https:\/\/www.darrelmann-ingenieure.de\/index.php?rest_route=\/wp\/v2\/pages\/46\/revisions\/424"}],"wp:attachment":[{"href":"https:\/\/www.darrelmann-ingenieure.de\/index.php?rest_route=%2Fwp%2Fv2%2Fmedia&parent=46"}],"curies":[{"name":"wp","href":"https:\/\/api.w.org\/{rel}","templated":true}]}}