{"id":30,"date":"2012-03-07T19:06:56","date_gmt":"2012-03-07T19:06:56","guid":{"rendered":"http:\/\/www.darrelmann-ingenieure.de\/?page_id=30"},"modified":"2023-02-05T12:28:37","modified_gmt":"2023-02-05T12:28:37","slug":"impressum","status":"publish","type":"page","link":"https:\/\/www.darrelmann-ingenieure.de\/?page_id=30","title":{"rendered":"Impressum"},"content":{"rendered":"<p><!--:de--><\/p>\n<p>Am hohen Ofen 9 , 37520 Osterode am Harz<\/p>\n<table style=\"width: 329px; height: 156px;\" border=\"0\" cellspacing=\"0\" cellpadding=\"0\">\n<tbody>\n<tr>\n<td>Telefon:<\/td>\n<td>+49 5522 506209<\/td>\n<\/tr>\n<tr>\n<td>Fax:<\/td>\n<td>+49 322 268 191 70<\/td>\n<\/tr>\n<tr>\n<td><\/td>\n<td><\/td>\n<\/tr>\n<tr>\n<td>Email:<\/td>\n<td><a href=\"mailto:info@darrelmann-ingenieure.de\">info@darrelmann-ingenieure.de<\/a><\/td>\n<\/tr>\n<tr>\n<td><\/td>\n<td><\/td>\n<\/tr>\n<tr>\n<td>Internet:<\/td>\n<td>www.darrelmann-ingenieure.de<\/td>\n<\/tr>\n<tr>\n<td><\/td>\n<td>www.dbrconsult.de<\/td>\n<\/tr>\n<\/tbody>\n<\/table>\n<p>Vertretungsberechtigter Gesellschafter: Hilmar Darrelmann<\/p>\n<p>Umsatzsteuer-Identifikationsnummer gem\u00e4\u00df \u00a7 27 a Umsatzsteuergesetz: DE248858374<\/p>\n<p>Haftungshinweis: Trotz sorgf\u00e4ltiger inhaltlicher Kontrolle \u00fcbernehmen wir keine Haftung f\u00fcr die Inhalte der Seiten sowie die Inhalte externer Links. F\u00fcr den Inhalt verlinkter Seiten sind ausschlie\u00dflich deren Betreiber verantwortlich.<\/p>\n<p><!--:--><!--:en--><\/p>\n<p>Am hohen Ofen 9\u00a0, 37520 Osterode am Harz<\/p>\n<hr \/>\n<table style=\"width: 329px; height: 156px;\" border=\"0\" cellspacing=\"0\" cellpadding=\"0\">\n<tbody>\n<tr>\n<td>Telefon:<\/td>\n<td>+49 5522 506209<\/td>\n<\/tr>\n<tr>\n<td>Fax:<\/td>\n<td>+49 322 268 191 70<\/td>\n<\/tr>\n<tr>\n<td><\/td>\n<td><\/td>\n<\/tr>\n<tr>\n<td>Email:<\/td>\n<td><a href=\"mailto:info@darrelmann-ingenieure.de\">info@darrelmann-ingenieure.de<\/a><\/td>\n<\/tr>\n<tr>\n<td><\/td>\n<td><\/td>\n<\/tr>\n<tr>\n<td>Internet:<\/td>\n<td>www.darrelmann-ingenieure.de<\/td>\n<\/tr>\n<tr>\n<td><\/td>\n<td>www.dbrconsult.de<\/td>\n<\/tr>\n<\/tbody>\n<\/table>\n<p>Authorised to represent: Hilmar Darrelmann<\/p>\n<p>VAT-Identification-No: DE248858374<\/p>\n<p>Disclaimer: Despite carefull control of the content we assume no liability for the contents of these pages and the contents of external links. The operator of linked pages are responsible for their content.<\/p>\n<p><!--:--><\/p>\n","protected":false},"excerpt":{"rendered":"<p>Am hohen Ofen 9 , 37520 Osterode am Harz Telefon: +49 5522 506209 Fax: +49 322 268 191 70 Email: info@darrelmann-ingenieure.de Internet: www.darrelmann-ingenieure.de www.dbrconsult.de Vertretungsberechtigter Gesellschafter: Hilmar Darrelmann Umsatzsteuer-Identifikationsnummer gem\u00e4\u00df \u00a7 27 a Umsatzsteuergesetz: DE248858374 Haftungshinweis: Trotz sorgf\u00e4ltiger inhaltlicher Kontrolle \u00fcbernehmen wir keine Haftung f\u00fcr die Inhalte der Seiten sowie die Inhalte externer Links. F\u00fcr &hellip;<\/p>\n<p class=\"read-more\"> <a class=\"\" href=\"https:\/\/www.darrelmann-ingenieure.de\/?page_id=30\"> <span class=\"screen-reader-text\">Impressum<\/span> Weiterlesen &raquo;<\/a><\/p>\n","protected":false},"author":1,"featured_media":0,"parent":0,"menu_order":100,"comment_status":"closed","ping_status":"closed","template":"","meta":{"site-sidebar-layout":"default","site-content-layout":"default","ast-global-header-display":"","ast-main-header-display":"","ast-hfb-above-header-display":"","ast-hfb-below-header-display":"","ast-hfb-mobile-header-display":"","site-post-title":"","ast-breadcrumbs-content":"","ast-featured-img":"","footer-sml-layout":"","theme-transparent-header-meta":"","adv-header-id-meta":"","stick-header-meta":"","header-above-stick-meta":"","header-main-stick-meta":"","header-below-stick-meta":""},"_links":{"self":[{"href":"https:\/\/www.darrelmann-ingenieure.de\/index.php?rest_route=\/wp\/v2\/pages\/30"}],"collection":[{"href":"https:\/\/www.darrelmann-ingenieure.de\/index.php?rest_route=\/wp\/v2\/pages"}],"about":[{"href":"https:\/\/www.darrelmann-ingenieure.de\/index.php?rest_route=\/wp\/v2\/types\/page"}],"author":[{"embeddable":true,"href":"https:\/\/www.darrelmann-ingenieure.de\/index.php?rest_route=\/wp\/v2\/users\/1"}],"replies":[{"embeddable":true,"href":"https:\/\/www.darrelmann-ingenieure.de\/index.php?rest_route=%2Fwp%2Fv2%2Fcomments&post=30"}],"version-history":[{"count":35,"href":"https:\/\/www.darrelmann-ingenieure.de\/index.php?rest_route=\/wp\/v2\/pages\/30\/revisions"}],"predecessor-version":[{"id":428,"href":"https:\/\/www.darrelmann-ingenieure.de\/index.php?rest_route=\/wp\/v2\/pages\/30\/revisions\/428"}],"wp:attachment":[{"href":"https:\/\/www.darrelmann-ingenieure.de\/index.php?rest_route=%2Fwp%2Fv2%2Fmedia&parent=30"}],"curies":[{"name":"wp","href":"https:\/\/api.w.org\/{rel}","templated":true}]}}